{"id":2086,"date":"2024-05-22T19:12:31","date_gmt":"2024-05-23T00:12:31","guid":{"rendered":"https:\/\/omarzapatainvest.com\/?page_id=2086"},"modified":"2024-05-27T16:51:00","modified_gmt":"2024-05-27T21:51:00","slug":"invertir-en-republica-dominicana","status":"publish","type":"page","link":"https:\/\/omarzapatainvest.com\/en\/invertir-en-republica-dominicana\/","title":{"rendered":"Invest in Dominican Republic"},"content":{"rendered":"<div data-elementor-type=\"wp-page\" data-elementor-id=\"2086\" class=\"elementor elementor-2086\">\n\t\t\t\t<div class=\"elementor-element elementor-element-8c9859d e-flex e-con-boxed e-con e-parent\" data-id=\"8c9859d\" data-element_type=\"container\" data-e-type=\"container\" data-settings=\"{&quot;background_background&quot;:&quot;classic&quot;}\">\n\t\t\t\t\t<div class=\"e-con-inner\">\n\t\t<div class=\"elementor-element elementor-element-c487cc0 e-con-full e-flex e-con e-child\" data-id=\"c487cc0\" data-element_type=\"container\" data-e-type=\"container\">\n\t\t<div class=\"elementor-element elementor-element-d98b831 e-flex e-con-boxed e-con e-child\" data-id=\"d98b831\" data-element_type=\"container\" data-e-type=\"container\">\n\t\t\t\t\t<div class=\"e-con-inner\">\n\t\t\t\t<div class=\"elementor-element elementor-element-57bb0c6 elementor-widget elementor-widget-heading\" data-id=\"57bb0c6\" data-element_type=\"widget\" data-e-type=\"widget\" data-widget_type=\"heading.default\">\n\t\t\t\t<div class=\"elementor-widget-container\">\n\t\t\t\t\t<h2 class=\"elementor-heading-title elementor-size-default\">Why invest in the Dominican Republic<\/h2>\t\t\t\t<\/div>\n\t\t\t\t<\/div>\n\t\t\t\t<div class=\"elementor-element elementor-element-911d4e1 elementor-widget elementor-widget-button\" data-id=\"911d4e1\" data-element_type=\"widget\" data-e-type=\"widget\" data-widget_type=\"button.default\">\n\t\t\t\t<div class=\"elementor-widget-container\">\n\t\t\t\t\t\t\t\t\t<div class=\"elementor-button-wrapper\">\n\t\t\t\t\t<a class=\"elementor-button elementor-button-link elementor-size-sm\" href=\"#InvertirRD\">\n\t\t\t\t\t\t<span class=\"elementor-button-content-wrapper\">\n\t\t\t\t\t\t\t\t\t<span class=\"elementor-button-text\">Invest<\/span>\n\t\t\t\t\t<\/span>\n\t\t\t\t\t<\/a>\n\t\t\t\t<\/div>\n\t\t\t\t\t\t\t\t<\/div>\n\t\t\t\t<\/div>\n\t\t\t\t\t<\/div>\n\t\t\t\t<\/div>\n\t\t<div class=\"elementor-element elementor-element-288059c e-flex e-con-boxed e-con e-child\" data-id=\"288059c\" data-element_type=\"container\" data-e-type=\"container\">\n\t\t\t\t\t<div class=\"e-con-inner\">\n\t\t\t\t<div class=\"elementor-element elementor-element-9ca99aa elementor-widget elementor-widget-image\" data-id=\"9ca99aa\" data-element_type=\"widget\" data-e-type=\"widget\" data-widget_type=\"image.default\">\n\t\t\t\t<div class=\"elementor-widget-container\">\n\t\t\t\t\t\t\t\t\t\t\t\t\t\t\t<img fetchpriority=\"high\" decoding=\"async\" width=\"1080\" height=\"1350\" src=\"https:\/\/omarzapatainvest.com\/wp-content\/uploads\/2024\/05\/4.4.-Republica-Dominicana-un-paraiso-no-solo-para-vacacionar-sino-tambien-para-invertir.2.png\" class=\"attachment-full size-full wp-image-2115\" alt=\"\" srcset=\"https:\/\/omarzapatainvest.com\/wp-content\/uploads\/2024\/05\/4.4.-Republica-Dominicana-un-paraiso-no-solo-para-vacacionar-sino-tambien-para-invertir.2.png 1080w, https:\/\/omarzapatainvest.com\/wp-content\/uploads\/2024\/05\/4.4.-Republica-Dominicana-un-paraiso-no-solo-para-vacacionar-sino-tambien-para-invertir.2-240x300.png 240w, https:\/\/omarzapatainvest.com\/wp-content\/uploads\/2024\/05\/4.4.-Republica-Dominicana-un-paraiso-no-solo-para-vacacionar-sino-tambien-para-invertir.2-819x1024.png 819w, https:\/\/omarzapatainvest.com\/wp-content\/uploads\/2024\/05\/4.4.-Republica-Dominicana-un-paraiso-no-solo-para-vacacionar-sino-tambien-para-invertir.2-768x960.png 768w\" sizes=\"(max-width: 1080px) 100vw, 1080px\" \/>\t\t\t\t\t\t\t\t\t\t\t\t\t\t\t<\/div>\n\t\t\t\t<\/div>\n\t\t\t\t\t<\/div>\n\t\t\t\t<\/div>\n\t\t\t\t<\/div>\n\t\t<div class=\"elementor-element elementor-element-75b6207 e-con-full e-flex e-con e-child\" data-id=\"75b6207\" data-element_type=\"container\" data-e-type=\"container\">\n\t\t<div class=\"elementor-element elementor-element-8544428 e-flex e-con-boxed e-con e-child\" data-id=\"8544428\" data-element_type=\"container\" data-e-type=\"container\">\n\t\t\t\t\t<div class=\"e-con-inner\">\n\t\t<div class=\"elementor-element elementor-element-87731ab e-grid e-con-boxed e-con e-child\" data-id=\"87731ab\" data-element_type=\"container\" data-e-type=\"container\">\n\t\t\t\t\t<div class=\"e-con-inner\">\n\t\t<div class=\"elementor-element elementor-element-f42765e e-flex e-con-boxed e-con e-child\" data-id=\"f42765e\" data-element_type=\"container\" data-e-type=\"container\">\n\t\t\t\t\t<div class=\"e-con-inner\">\n\t\t\t\t<div class=\"elementor-element elementor-element-0f88193 elementor-widget elementor-widget-heading\" data-id=\"0f88193\" data-element_type=\"widget\" data-e-type=\"widget\" data-widget_type=\"heading.default\">\n\t\t\t\t<div class=\"elementor-widget-container\">\n\t\t\t\t\t<h3 class=\"elementor-heading-title elementor-size-default\">Strategic Geographic Location<\/h3>\t\t\t\t<\/div>\n\t\t\t\t<\/div>\n\t\t\t\t<div class=\"elementor-element elementor-element-7b20245 elementor-widget elementor-widget-text-editor\" data-id=\"7b20245\" data-element_type=\"widget\" data-e-type=\"widget\" data-widget_type=\"text-editor.default\">\n\t\t\t\t<div class=\"elementor-widget-container\">\n\t\t\t\t\t\t\t\t\t<p>In the center of the Caribbean, the Dominican Republic offers<br \/>access to more than 1 billion consumers;<br \/>through free trade agreements with the United States<br \/>and Central America (DR-CAFTA), and with the European Union<br \/>(EPA), as well as access to the Latin American market<\/p>\t\t\t\t\t\t\t\t<\/div>\n\t\t\t\t<\/div>\n\t\t\t\t\t<\/div>\n\t\t\t\t<\/div>\n\t\t<div class=\"elementor-element elementor-element-304e589 e-flex e-con-boxed e-con e-child\" data-id=\"304e589\" data-element_type=\"container\" data-e-type=\"container\">\n\t\t\t\t\t<div class=\"e-con-inner\">\n\t\t\t\t<div class=\"elementor-element elementor-element-e74e036 elementor-widget elementor-widget-heading\" data-id=\"e74e036\" data-element_type=\"widget\" data-e-type=\"widget\" data-widget_type=\"heading.default\">\n\t\t\t\t<div class=\"elementor-widget-container\">\n\t\t\t\t\t<h3 class=\"elementor-heading-title elementor-size-default\">Stable Business Climate and Growth Policies<\/h3>\t\t\t\t<\/div>\n\t\t\t\t<\/div>\n\t\t\t\t<div class=\"elementor-element elementor-element-87e0d18 elementor-widget elementor-widget-text-editor\" data-id=\"87e0d18\" data-element_type=\"widget\" data-e-type=\"widget\" data-widget_type=\"text-editor.default\">\n\t\t\t\t<div class=\"elementor-widget-container\">\n\t\t\t\t\t\t\t\t\t<p>The Dominican Republic has experienced a rate of<br>average annual GDP growth of more than 5%<br>for more than 25 years, double the regional average<br>only behind Panama.<\/p>\t\t\t\t\t\t\t\t<\/div>\n\t\t\t\t<\/div>\n\t\t\t\t\t<\/div>\n\t\t\t\t<\/div>\n\t\t<div class=\"elementor-element elementor-element-962dd94 e-flex e-con-boxed e-con e-child\" data-id=\"962dd94\" data-element_type=\"container\" data-e-type=\"container\">\n\t\t\t\t\t<div class=\"e-con-inner\">\n\t\t\t\t<div class=\"elementor-element elementor-element-443400a elementor-widget elementor-widget-heading\" data-id=\"443400a\" data-element_type=\"widget\" data-e-type=\"widget\" data-widget_type=\"heading.default\">\n\t\t\t\t<div class=\"elementor-widget-container\">\n\t\t\t\t\t<h3 class=\"elementor-heading-title elementor-size-default\">Rapidly growing tourism<\/h3>\t\t\t\t<\/div>\n\t\t\t\t<\/div>\n\t\t\t\t<div class=\"elementor-element elementor-element-0b867d2 elementor-widget__width-initial elementor-widget elementor-widget-text-editor\" data-id=\"0b867d2\" data-element_type=\"widget\" data-e-type=\"widget\" data-widget_type=\"text-editor.default\">\n\t\t\t\t<div class=\"elementor-widget-container\">\n\t\t\t\t\t\t\t\t\t<p>The Dominican Republic's tourism industry has experienced notable growth in recent months and years. For example, in April 2023, there were 862,705 air and sea visitor arrivals in the Dominican Republic, which is 9% more than in 2022 and 17% more than in 2019. This thriving sector presents a significant advantage for investors in real estate.<\/p>\t\t\t\t\t\t\t\t<\/div>\n\t\t\t\t<\/div>\n\t\t\t\t\t<\/div>\n\t\t\t\t<\/div>\n\t\t<div class=\"elementor-element elementor-element-c6c5189 e-flex e-con-boxed e-con e-child\" data-id=\"c6c5189\" data-element_type=\"container\" data-e-type=\"container\">\n\t\t\t\t\t<div class=\"e-con-inner\">\n\t\t<div class=\"elementor-element elementor-element-7f41e87 e-flex e-con-boxed e-con e-child\" data-id=\"7f41e87\" data-element_type=\"container\" data-e-type=\"container\">\n\t\t\t\t\t<div class=\"e-con-inner\">\n\t\t\t\t<div class=\"elementor-element elementor-element-040c03b elementor-widget elementor-widget-heading\" data-id=\"040c03b\" data-element_type=\"widget\" data-e-type=\"widget\" data-widget_type=\"heading.default\">\n\t\t\t\t<div class=\"elementor-widget-container\">\n\t\t\t\t\t<h3 class=\"elementor-heading-title elementor-size-default\">First Level Infrastructure Network<\/h3>\t\t\t\t<\/div>\n\t\t\t\t<\/div>\n\t\t\t\t<div class=\"elementor-element elementor-element-6988ad7 elementor-widget elementor-widget-text-editor\" data-id=\"6988ad7\" data-element_type=\"widget\" data-e-type=\"widget\" data-widget_type=\"text-editor.default\">\n\t\t\t\t<div class=\"elementor-widget-container\">\n\t\t\t\t\t\t\t\t\t<p>The Dominican Republic has an extensive physical<br \/>infrastructure<\/p><ul><li>8 international airports<\/li><li>12 commercial ports<\/li><li>4 cruise ports<\/li><li>+200,000 kilometers of roads<\/li><li>+ 270 daily flights<\/li><\/ul>\t\t\t\t\t\t\t\t<\/div>\n\t\t\t\t<\/div>\n\t\t\t\t\t<\/div>\n\t\t\t\t<\/div>\n\t\t\t\t\t<\/div>\n\t\t\t\t<\/div>\n\t\t\t\t\t<\/div>\n\t\t\t\t<\/div>\n\t\t\t\t\t<\/div>\n\t\t\t\t<\/div>\n\t\t\t\t<\/div>\n\t\t\t\t\t<\/div>\n\t\t\t\t<\/div>\n\t\t<div class=\"elementor-element elementor-element-f047eaf e-flex e-con-boxed e-con e-parent\" data-id=\"f047eaf\" data-element_type=\"container\" data-e-type=\"container\" id=\"InvertirRD\" data-settings=\"{&quot;background_background&quot;:&quot;classic&quot;}\">\n\t\t\t\t\t<div class=\"e-con-inner\">\n\t\t<div class=\"elementor-element elementor-element-94ac22e e-flex e-con-boxed e-con e-child\" data-id=\"94ac22e\" data-element_type=\"container\" data-e-type=\"container\">\n\t\t\t\t\t<div class=\"e-con-inner\">\n\t\t\t\t<div class=\"elementor-element elementor-element-0fee27d elementor-widget elementor-widget-heading\" data-id=\"0fee27d\" data-element_type=\"widget\" data-e-type=\"widget\" data-widget_type=\"heading.default\">\n\t\t\t\t<div class=\"elementor-widget-container\">\n\t\t\t\t\t<h2 class=\"elementor-heading-title elementor-size-default\">Investment options<\/h2>\t\t\t\t<\/div>\n\t\t\t\t<\/div>\n\t\t\t\t\t<\/div>\n\t\t\t\t<\/div>\n\t\t<div class=\"elementor-element elementor-element-594cf95 e-flex e-con-boxed e-con e-child\" data-id=\"594cf95\" data-element_type=\"container\" data-e-type=\"container\">\n\t\t\t\t\t<div class=\"e-con-inner\">\n\t\t<div class=\"elementor-element elementor-element-ca769cd e-grid e-con-boxed e-con e-child\" data-id=\"ca769cd\" data-element_type=\"container\" data-e-type=\"container\">\n\t\t\t\t\t<div class=\"e-con-inner\">\n\t\t<div class=\"elementor-element elementor-element-8234627 e-flex e-con-boxed e-con e-child\" data-id=\"8234627\" data-element_type=\"container\" data-e-type=\"container\">\n\t\t\t\t\t<div class=\"e-con-inner\">\n\t\t\t\t<div class=\"elementor-element elementor-element-e169a1a elementor-widget elementor-widget-image\" data-id=\"e169a1a\" data-element_type=\"widget\" data-e-type=\"widget\" data-widget_type=\"image.default\">\n\t\t\t\t<div class=\"elementor-widget-container\">\n\t\t\t\t\t\t\t\t\t\t\t\t\t\t\t\t<a href=\"https:\/\/omarzapatainvest.com\/en\/chukum-lagoon\/\" target=\"_blank\">\n\t\t\t\t\t\t\t<img decoding=\"async\" width=\"2048\" height=\"722\" src=\"https:\/\/omarzapatainvest.com\/wp-content\/uploads\/2024\/05\/cropped-LOGO-CHUKUM-TAGLINE-2048x722-1.png\" class=\"attachment-full size-full wp-image-2127\" alt=\"\" srcset=\"https:\/\/omarzapatainvest.com\/wp-content\/uploads\/2024\/05\/cropped-LOGO-CHUKUM-TAGLINE-2048x722-1.png 2048w, https:\/\/omarzapatainvest.com\/wp-content\/uploads\/2024\/05\/cropped-LOGO-CHUKUM-TAGLINE-2048x722-1-300x106.png 300w, https:\/\/omarzapatainvest.com\/wp-content\/uploads\/2024\/05\/cropped-LOGO-CHUKUM-TAGLINE-2048x722-1-1024x361.png 1024w, https:\/\/omarzapatainvest.com\/wp-content\/uploads\/2024\/05\/cropped-LOGO-CHUKUM-TAGLINE-2048x722-1-768x271.png 768w, https:\/\/omarzapatainvest.com\/wp-content\/uploads\/2024\/05\/cropped-LOGO-CHUKUM-TAGLINE-2048x722-1-1536x542.png 1536w\" sizes=\"(max-width: 2048px) 100vw, 2048px\" \/>\t\t\t\t\t\t\t\t<\/a>\n\t\t\t\t\t\t\t\t\t\t\t\t\t\t\t<\/div>\n\t\t\t\t<\/div>\n\t\t\t\t\t<\/div>\n\t\t\t\t<\/div>\n\t\t<div class=\"elementor-element elementor-element-0f4a554 e-flex e-con-boxed e-con e-child\" data-id=\"0f4a554\" data-element_type=\"container\" data-e-type=\"container\">\n\t\t\t\t\t<div class=\"e-con-inner\">\n\t\t\t\t<div class=\"elementor-element elementor-element-ccd1a20 elementor-widget elementor-widget-image\" data-id=\"ccd1a20\" data-element_type=\"widget\" data-e-type=\"widget\" data-widget_type=\"image.default\">\n\t\t\t\t<div class=\"elementor-widget-container\">\n\t\t\t\t\t\t\t\t\t\t\t\t\t\t\t\t<a href=\"https:\/\/omarzapatainvest.com\/en\/pueblito-caribeno\/\" target=\"_blank\">\n\t\t\t\t\t\t\t<img decoding=\"async\" width=\"846\" height=\"327\" src=\"https:\/\/omarzapatainvest.com\/wp-content\/uploads\/2024\/05\/cropped-Logo-PC.png\" class=\"attachment-full size-full wp-image-2128\" alt=\"\" srcset=\"https:\/\/omarzapatainvest.com\/wp-content\/uploads\/2024\/05\/cropped-Logo-PC.png 846w, https:\/\/omarzapatainvest.com\/wp-content\/uploads\/2024\/05\/cropped-Logo-PC-300x116.png 300w, https:\/\/omarzapatainvest.com\/wp-content\/uploads\/2024\/05\/cropped-Logo-PC-768x297.png 768w\" sizes=\"(max-width: 846px) 100vw, 846px\" \/>\t\t\t\t\t\t\t\t<\/a>\n\t\t\t\t\t\t\t\t\t\t\t\t\t\t\t<\/div>\n\t\t\t\t<\/div>\n\t\t\t\t\t<\/div>\n\t\t\t\t<\/div>\n\t\t<div class=\"elementor-element elementor-element-399cbb2 e-flex e-con-boxed e-con e-child\" data-id=\"399cbb2\" data-element_type=\"container\" data-e-type=\"container\">\n\t\t\t\t\t<div class=\"e-con-inner\">\n\t\t\t\t<div class=\"elementor-element elementor-element-41ea823 elementor-widget elementor-widget-image\" data-id=\"41ea823\" data-element_type=\"widget\" data-e-type=\"widget\" data-widget_type=\"image.default\">\n\t\t\t\t<div class=\"elementor-widget-container\">\n\t\t\t\t\t\t\t\t\t\t\t\t\t\t\t<img loading=\"lazy\" decoding=\"async\" width=\"800\" height=\"442\" src=\"https:\/\/omarzapatainvest.com\/wp-content\/uploads\/2024\/05\/royal-gardens-3.png\" class=\"attachment-full size-full wp-image-2130\" alt=\"\" srcset=\"https:\/\/omarzapatainvest.com\/wp-content\/uploads\/2024\/05\/royal-gardens-3.png 800w, https:\/\/omarzapatainvest.com\/wp-content\/uploads\/2024\/05\/royal-gardens-3-300x166.png 300w, https:\/\/omarzapatainvest.com\/wp-content\/uploads\/2024\/05\/royal-gardens-3-768x424.png 768w\" sizes=\"(max-width: 800px) 100vw, 800px\" \/>\t\t\t\t\t\t\t\t\t\t\t\t\t\t\t<\/div>\n\t\t\t\t<\/div>\n\t\t\t\t\t<\/div>\n\t\t\t\t<\/div>\n\t\t\t\t\t<\/div>\n\t\t\t\t<\/div>\n\t\t\t\t\t<\/div>\n\t\t\t\t<\/div>\n\t\t\t\t\t<\/div>\n\t\t\t\t<\/div>\n\t\t\t\t<\/div>","protected":false},"excerpt":{"rendered":"<p>Porque invertir en Rep\u00fablica Dominicana Invertir Ubicaci\u00f3n Geogr\u00e1fica Estrat\u00e9gica, En el centro del Caribe, la Rep\u00fablica Dominicana ofreceacceso a m\u00e1s de 1,000 millones de consumidores; atrav\u00e9s de tratados de libre comercio con los EstadosUnidos y Centroam\u00e9rica (DR-CAFTA), y con la Uni\u00f3nEuropea (EPA), as\u00ed como accesos el mercado de Am\u00e9rica Latina Clima de Negocios Estable y [&hellip;]<\/p>\n","protected":false},"author":1,"featured_media":0,"parent":0,"menu_order":0,"comment_status":"closed","ping_status":"closed","template":"","meta":{"om_disable_all_campaigns":false,"_uag_custom_page_level_css":"","_monsterinsights_skip_tracking":false,"_monsterinsights_sitenote_active":false,"_monsterinsights_sitenote_note":"","_monsterinsights_sitenote_category":0,"site-sidebar-layout":"no-sidebar","site-content-layout":"page-builder","ast-site-content-layout":"full-width-container","site-content-style":"default","site-sidebar-style":"default","ast-global-header-display":"","ast-banner-title-visibility":"","ast-main-header-display":"","ast-hfb-above-header-display":"","ast-hfb-below-header-display":"","ast-hfb-mobile-header-display":"","site-post-title":"disabled","ast-breadcrumbs-content":"","ast-featured-img":"disabled","footer-sml-layout":"","ast-disable-related-posts":"","theme-transparent-header-meta":"","adv-header-id-meta":"","stick-header-meta":"","header-above-stick-meta":"","header-main-stick-meta":"","header-below-stick-meta":"","astra-migrate-meta-layouts":"set","ast-page-background-enabled":"default","ast-page-background-meta":{"desktop":{"background-color":"","background-image":"","background-repeat":"repeat","background-position":"center center","background-size":"auto","background-attachment":"scroll","background-type":"","background-media":"","overlay-type":"","overlay-color":"","overlay-opacity":"","overlay-gradient":""},"tablet":{"background-color":"","background-image":"","background-repeat":"repeat","background-position":"center center","background-size":"auto","background-attachment":"scroll","background-type":"","background-media":"","overlay-type":"","overlay-color":"","overlay-opacity":"","overlay-gradient":""},"mobile":{"background-color":"","background-image":"","background-repeat":"repeat","background-position":"center center","background-size":"auto","background-attachment":"scroll","background-type":"","background-media":"","overlay-type":"","overlay-color":"","overlay-opacity":"","overlay-gradient":""}},"ast-content-background-meta":{"desktop":{"background-color":"var(--ast-global-color-5)","background-image":"","background-repeat":"repeat","background-position":"center center","background-size":"auto","background-attachment":"scroll","background-type":"","background-media":"","overlay-type":"","overlay-color":"","overlay-opacity":"","overlay-gradient":""},"tablet":{"background-color":"var(--ast-global-color-5)","background-image":"","background-repeat":"repeat","background-position":"center center","background-size":"auto","background-attachment":"scroll","background-type":"","background-media":"","overlay-type":"","overlay-color":"","overlay-opacity":"","overlay-gradient":""},"mobile":{"background-color":"var(--ast-global-color-5)","background-image":"","background-repeat":"repeat","background-position":"center center","background-size":"auto","background-attachment":"scroll","background-type":"","background-media":"","overlay-type":"","overlay-color":"","overlay-opacity":"","overlay-gradient":""}},"footnotes":""},"class_list":["post-2086","page","type-page","status-publish","hentry"],"aioseo_notices":[],"uagb_featured_image_src":{"full":false,"thumbnail":false,"medium":false,"medium_large":false,"large":false,"1536x1536":false,"2048x2048":false,"trp-custom-language-flag":false},"uagb_author_info":{"display_name":"omarzapatainvest.com","author_link":"https:\/\/omarzapatainvest.com\/en\/author\/omarzapatainvest-com\/"},"uagb_comment_info":0,"uagb_excerpt":"Porque invertir en Rep\u00fablica Dominicana Invertir Ubicaci\u00f3n Geogr\u00e1fica Estrat\u00e9gica, En el centro del Caribe, la Rep\u00fablica Dominicana ofreceacceso a m\u00e1s de 1,000 millones de consumidores; atrav\u00e9s de tratados de libre comercio con los EstadosUnidos y Centroam\u00e9rica (DR-CAFTA), y con la Uni\u00f3nEuropea (EPA), as\u00ed como accesos el mercado de Am\u00e9rica Latina Clima de Negocios Estable y&hellip;","_links":{"self":[{"href":"https:\/\/omarzapatainvest.com\/en\/wp-json\/wp\/v2\/pages\/2086","targetHints":{"allow":["GET"]}}],"collection":[{"href":"https:\/\/omarzapatainvest.com\/en\/wp-json\/wp\/v2\/pages"}],"about":[{"href":"https:\/\/omarzapatainvest.com\/en\/wp-json\/wp\/v2\/types\/page"}],"author":[{"embeddable":true,"href":"https:\/\/omarzapatainvest.com\/en\/wp-json\/wp\/v2\/users\/1"}],"replies":[{"embeddable":true,"href":"https:\/\/omarzapatainvest.com\/en\/wp-json\/wp\/v2\/comments?post=2086"}],"version-history":[{"count":37,"href":"https:\/\/omarzapatainvest.com\/en\/wp-json\/wp\/v2\/pages\/2086\/revisions"}],"predecessor-version":[{"id":2344,"href":"https:\/\/omarzapatainvest.com\/en\/wp-json\/wp\/v2\/pages\/2086\/revisions\/2344"}],"wp:attachment":[{"href":"https:\/\/omarzapatainvest.com\/en\/wp-json\/wp\/v2\/media?parent=2086"}],"curies":[{"name":"wp","href":"https:\/\/api.w.org\/{rel}","templated":true}]}}